{"id":26736,"date":"2026-02-13T11:39:28","date_gmt":"2026-02-13T11:39:28","guid":{"rendered":"https:\/\/moroccosabakutour.com\/quienes-somos\/"},"modified":"2026-02-26T12:29:31","modified_gmt":"2026-02-26T12:29:31","slug":"quienes-somos","status":"publish","type":"page","link":"https:\/\/moroccosabakutour.com\/es\/quienes-somos\/","title":{"rendered":"Qui\u00e9nes somos"},"content":{"rendered":"<p>[et_pb_section fb_built=&#8221;1&#8243; _builder_version=&#8221;4.1&#8243; background_color=&#8221;#f4f4f4&#8243; custom_padding=&#8221;149px|||||&#8221;][et_pb_row _builder_version=&#8221;4.1&#8243; custom_margin=&#8221;-139px|auto||auto||&#8221;][et_pb_column type=&#8221;4_4&#8243; _builder_version=&#8221;4.1&#8243;][et_pb_blurb title=&#8221;Acerca de Marruecos Sabaku Tour&#8221; image=&#8221;https:\/\/moroccosabakutour.com\/wp-content\/uploads\/2020\/01\/Morocco-sabaku-tours-logo2.png&#8221; image_max_width=&#8221;44%&#8221; _builder_version=&#8221;4.1&#8243; header_level=&#8221;h1&#8243; header_font=&#8221;|800||on|||||&#8221; header_text_align=&#8221;center&#8221; header_font_size=&#8221;45px&#8221;][\/et_pb_blurb][\/et_pb_column][\/et_pb_row][\/et_pb_section][et_pb_section fb_built=&#8221;1&#8243; _builder_version=&#8221;4.1&#8243; background_color=&#8221;#ffffff&#8221; custom_padding=&#8221;1px|||||&#8221;][et_pb_row column_structure=&#8221;3_4,1_4&#8243; _builder_version=&#8221;4.1&#8243;][et_pb_column type=&#8221;3_4&#8243; _builder_version=&#8221;4.1&#8243;][et_pb_text _builder_version=&#8221;4.1&#8243;]<\/p>\n<p style=\"text-align: justify;\">Somos un equipo profesional de Marruecos formado por un grupo de j\u00f3venes. Contamos con todos los conocimientos necesarios sobre nuestro pa\u00eds que nos permiten organizar viajes ideales.<br \/>Podemos ofrecer a los viajeros diversas rutas desde cualquier lugar que deseen, como el aeropuerto o el puerto mar\u00edtimo. Estemos donde estemos, estaremos a su servicio con los brazos abiertos y una c\u00e1lida bienvenida.<br \/>Nuestras rutas incluyen acampadas en las doradas dunas del desierto, noches y deliciosas comidas en c\u00f3modas tiendas bereberes, quads, coches 4\u00d74 y divertidas excursiones en camello.<br \/>Tenemos la capacidad de guiarle para que conozca zonas interesantes, peque\u00f1os pueblos, ciudades, gargantas y otros lugares interesantes donde tendr\u00e1 la oportunidad de aprender sobre el estilo de vida y la cultura marroqu\u00edes. Para m\u00e1s informaci\u00f3n sobre nuestras excursiones y visitas, no dude en consultar la secci\u00f3n Morocco Tours.<\/p>\n<p>[\/et_pb_text][\/et_pb_column][et_pb_column type=&#8221;1_4&#8243; _builder_version=&#8221;4.1&#8243;]<\/p>\n<p>[et_pb_gallery gallery_ids=&#8221;231,207&#8243; show_title_and_caption=&#8221;off&#8221; show_pagination=&#8221;off&#8221; _builder_version=&#8221;4.1&#8243;][\/et_pb_gallery]<\/p>\n<p>[\/et_pb_column][\/et_pb_row][et_pb_row column_structure=&#8221;1_2,1_2&#8243; _builder_version=&#8221;4.1&#8243;][et_pb_column type=&#8221;1_2&#8243; _builder_version=&#8221;4.1&#8243;][et_pb_cta title=&#8221;Excursi\u00f3n recomendada desde Casablanca&#8221; button_url=&#8221;https:\/\/moroccosabakutour.com\/es\/viajes-a-marruecos\/&#8221; button_text=&#8221;Mostrar m\u00e1s&#8230;&#8221; _builder_version=&#8221;4.1&#8243; background_color=&#8221;rgba(0,0,0,0.39)&#8221; background_image=&#8221;https:\/\/moroccosabakutour.com\/wp-content\/uploads\/2020\/01\/merzouga3.jpg&#8221; background_blend=&#8221;multiply&#8221; custom_button=&#8221;on&#8221; button_text_color=&#8221;#ffffff&#8221; button_bg_color=&#8221;rgba(224,153,0,0.62)&#8221;]<\/p>\n<div class=\"et_pb_column et_pb_column_4_4 et_pb_column_0  et_pb_css_mix_blend_mode_passthrough et-last-child\">\n<div class=\"et_pb_module et_pb_post_title et_pb_post_title_0 et_pb_bg_layout_light  et_pb_text_align_center\">\n<div class=\"et_pb_title_container\">\n<p class=\"entry-title\">Tour de 10 d\u00edas por las ciudades imperiales y el desierto, salida desde Casablanca<\/p>\n<\/div>\n<p><\/div>\n<p><\/div>\n<p>[\/et_pb_cta][\/et_pb_column][et_pb_column type=&#8221;1_2&#8243; _builder_version=&#8221;4.1&#8243;][et_pb_cta title=&#8221;Excursi\u00f3n de un d\u00eda recomendada a Esauira&#8221; button_url=&#8221;https:\/\/moroccosabakutour.com\/es\/one-day-trips\/&#8221; button_text=&#8221;Mostrar m\u00e1s&#8230;&#8221; _builder_version=&#8221;4.1&#8243; background_color=&#8221;rgba(0,0,0,0.39)&#8221; background_image=&#8221;https:\/\/moroccosabakutour.com\/wp-content\/uploads\/2020\/01\/essaouira.jpg&#8221; background_blend=&#8221;multiply&#8221; custom_button=&#8221;on&#8221; button_text_color=&#8221;#ffffff&#8221; button_bg_color=&#8221;rgba(224,153,0,0.55)&#8221; button_alignment=&#8221;center&#8221;]<\/p>\n<div class=\"et_pb_module et_pb_text et_pb_text_0  et_pb_text_align_center et_pb_bg_layout_light\">\n<div class=\"et_pb_text_inner\">\n<p>ESCAPADA EXCLUSIVA A LA CIUDAD PESQUERA DE ESSAOUIRA<\/p>\n<\/div>\n<p><\/div>\n<p>[\/et_pb_cta][\/et_pb_column][\/et_pb_row][et_pb_row column_structure=&#8221;1_2,1_2&#8243; _builder_version=&#8221;4.1&#8243; locked=&#8221;off&#8221;][et_pb_column type=&#8221;1_2&#8243; _builder_version=&#8221;4.1&#8243;][et_pb_blurb use_icon=&#8221;on&#8221; font_icon=&#8221;%%86%%&#8221; icon_color=&#8221;#e02b20&#8243; icon_placement=&#8221;left&#8221; use_icon_font_size=&#8221;on&#8221; _builder_version=&#8221;4.1&#8243; body_font=&#8221;|800||on|||||&#8221; body_text_align=&#8221;center&#8221; body_font_size=&#8221;19px&#8221;]<\/p>\n<p>+212 677 448 319<\/p>\n<p>[\/et_pb_blurb][\/et_pb_column][et_pb_column type=&#8221;1_2&#8243; _builder_version=&#8221;4.1&#8243;][et_pb_blurb use_icon=&#8221;on&#8221; font_icon=&#8221;%%109%%&#8221; icon_color=&#8221;#e02b20&#8243; icon_placement=&#8221;left&#8221; use_icon_font_size=&#8221;on&#8221; _builder_version=&#8221;4.1&#8243; body_font=&#8221;|800||on|||||&#8221; body_text_align=&#8221;center&#8221; body_font_size=&#8221;19px&#8221; hover_enabled=&#8221;0&#8243;]<\/p>\n<p>morocco.sabaku.tour@gmail.com<\/p>\n<p>[\/et_pb_blurb][\/et_pb_column][\/et_pb_row][\/et_pb_section]<\/p>\n","protected":false},"excerpt":{"rendered":"<p>Somos un equipo profesional de Marruecos formado por un grupo de j\u00f3venes. Contamos con todos los conocimientos necesarios sobre nuestro pa\u00eds que nos permiten organizar viajes ideales.Podemos ofrecer a los viajeros diversas rutas desde cualquier lugar que deseen, como el aeropuerto o el puerto mar\u00edtimo. Estemos donde estemos, estaremos a su servicio con los brazos [&hellip;]<\/p>\n","protected":false},"author":1,"featured_media":0,"parent":0,"menu_order":0,"comment_status":"closed","ping_status":"closed","template":"","meta":{"_et_pb_use_builder":"on","_et_pb_old_content":"","_et_gb_content_width":"","_monsterinsights_skip_tracking":false,"_monsterinsights_sitenote_active":false,"_monsterinsights_sitenote_note":"","_monsterinsights_sitenote_category":0,"_joinchat":[],"footnotes":""},"class_list":["post-26736","page","type-page","status-publish","hentry"],"_links":{"self":[{"href":"https:\/\/moroccosabakutour.com\/es\/wp-json\/wp\/v2\/pages\/26736","targetHints":{"allow":["GET"]}}],"collection":[{"href":"https:\/\/moroccosabakutour.com\/es\/wp-json\/wp\/v2\/pages"}],"about":[{"href":"https:\/\/moroccosabakutour.com\/es\/wp-json\/wp\/v2\/types\/page"}],"author":[{"embeddable":true,"href":"https:\/\/moroccosabakutour.com\/es\/wp-json\/wp\/v2\/users\/1"}],"replies":[{"embeddable":true,"href":"https:\/\/moroccosabakutour.com\/es\/wp-json\/wp\/v2\/comments?post=26736"}],"version-history":[{"count":5,"href":"https:\/\/moroccosabakutour.com\/es\/wp-json\/wp\/v2\/pages\/26736\/revisions"}],"predecessor-version":[{"id":26770,"href":"https:\/\/moroccosabakutour.com\/es\/wp-json\/wp\/v2\/pages\/26736\/revisions\/26770"}],"wp:attachment":[{"href":"https:\/\/moroccosabakutour.com\/es\/wp-json\/wp\/v2\/media?parent=26736"}],"curies":[{"name":"wp","href":"https:\/\/api.w.org\/{rel}","templated":true}]}}